{"id":2,"date":"2017-11-07T18:39:56","date_gmt":"2017-11-07T18:39:56","guid":{"rendered":"http:\/\/www.stel-ornements.com\/?page_id=2"},"modified":"2026-04-20T13:56:51","modified_gmt":"2026-04-20T13:56:51","slug":"home","status":"publish","type":"page","link":"http:\/\/www.stel-ornements.com\/es\/","title":{"rendered":"Home"},"content":{"rendered":"","protected":false},"excerpt":{"rendered":"","protected":false},"author":1,"featured_media":1111,"parent":0,"menu_order":0,"comment_status":"closed","ping_status":"open","template":"","meta":[],"acf":[],"yoast_head":"<!-- This site is optimized with the Yoast SEO plugin v15.5 - https:\/\/yoast.com\/wordpress\/plugins\/seo\/ -->\n<title>Stel Ornements<\/title>\n<meta name=\"description\" content=\"Taller dirigido por Bibis Casta\u00f1er que inventa y crea a medida piezas hechas a mano para la alta costura, el pr\u00eat \u00e0 porter de lujo y la joyer\u00eda.\" \/>\n<meta name=\"robots\" content=\"index, follow, max-snippet:-1, max-image-preview:large, max-video-preview:-1\" \/>\n<link rel=\"canonical\" href=\"http:\/\/www.stel-ornements.com\/es\/\" \/>\n<meta property=\"og:locale\" content=\"es_ES\" \/>\n<meta property=\"og:type\" content=\"article\" \/>\n<meta property=\"og:title\" content=\"Stel Ornements\" \/>\n<meta property=\"og:description\" content=\"Taller dirigido por Bibis Casta\u00f1er que inventa y crea a medida piezas hechas a mano para la alta costura, el pr\u00eat \u00e0 porter de lujo y la joyer\u00eda.\" \/>\n<meta property=\"og:url\" content=\"http:\/\/www.stel-ornements.com\/es\/\" \/>\n<meta property=\"og:site_name\" content=\"Stel Ornements\" \/>\n<meta property=\"article:modified_time\" content=\"2026-04-20T13:56:51+00:00\" \/>\n<meta property=\"og:image\" content=\"http:\/\/www.stel-ornements.com\/wp-content\/uploads\/2017\/11\/social.jpg\" \/>\n<meta name=\"twitter:card\" content=\"summary_large_image\" \/>\n<script type=\"application\/ld+json\" class=\"yoast-schema-graph\">{\"@context\":\"https:\/\/schema.org\",\"@graph\":[{\"@type\":\"WebSite\",\"@id\":\"http:\/\/www.stel-ornements.com\/#website\",\"url\":\"http:\/\/www.stel-ornements.com\/\",\"name\":\"Stel Ornements\",\"description\":\"\",\"potentialAction\":[{\"@type\":\"SearchAction\",\"target\":\"http:\/\/www.stel-ornements.com\/?s={search_term_string}\",\"query-input\":\"required name=search_term_string\"}],\"inLanguage\":\"es\"},{\"@type\":\"ImageObject\",\"@id\":\"http:\/\/www.stel-ornements.com\/es\/#primaryimage\",\"inLanguage\":\"es\",\"url\":\"http:\/\/www.stel-ornements.com\/wp-content\/uploads\/2024\/09\/DSC_9254-scaled.jpg\",\"width\":1706,\"height\":2560},{\"@type\":\"WebPage\",\"@id\":\"http:\/\/www.stel-ornements.com\/es\/#webpage\",\"url\":\"http:\/\/www.stel-ornements.com\/es\/\",\"name\":\"Stel Ornements\",\"isPartOf\":{\"@id\":\"http:\/\/www.stel-ornements.com\/#website\"},\"primaryImageOfPage\":{\"@id\":\"http:\/\/www.stel-ornements.com\/es\/#primaryimage\"},\"datePublished\":\"2017-11-07T18:39:56+00:00\",\"dateModified\":\"2026-04-20T13:56:51+00:00\",\"description\":\"Taller dirigido por Bibis Casta\\u00f1er que inventa y crea a medida piezas hechas a mano para la alta costura, el pr\\u00eat \\u00e0 porter de lujo y la joyer\\u00eda.\",\"inLanguage\":\"es\",\"potentialAction\":[{\"@type\":\"ReadAction\",\"target\":[\"http:\/\/www.stel-ornements.com\/es\/\"]}]}]}<\/script>\n<!-- \/ Yoast SEO plugin. -->","_links":{"self":[{"href":"http:\/\/www.stel-ornements.com\/es\/wp-json\/wp\/v2\/pages\/2"}],"collection":[{"href":"http:\/\/www.stel-ornements.com\/es\/wp-json\/wp\/v2\/pages"}],"about":[{"href":"http:\/\/www.stel-ornements.com\/es\/wp-json\/wp\/v2\/types\/page"}],"author":[{"embeddable":true,"href":"http:\/\/www.stel-ornements.com\/es\/wp-json\/wp\/v2\/users\/1"}],"replies":[{"embeddable":true,"href":"http:\/\/www.stel-ornements.com\/es\/wp-json\/wp\/v2\/comments?post=2"}],"version-history":[{"count":177,"href":"http:\/\/www.stel-ornements.com\/es\/wp-json\/wp\/v2\/pages\/2\/revisions"}],"predecessor-version":[{"id":1614,"href":"http:\/\/www.stel-ornements.com\/es\/wp-json\/wp\/v2\/pages\/2\/revisions\/1614"}],"wp:featuredmedia":[{"embeddable":true,"href":"http:\/\/www.stel-ornements.com\/es\/wp-json\/wp\/v2\/media\/1111"}],"wp:attachment":[{"href":"http:\/\/www.stel-ornements.com\/es\/wp-json\/wp\/v2\/media?parent=2"}],"curies":[{"name":"wp","href":"https:\/\/api.w.org\/{rel}","templated":true}]}}