{"id":74,"date":"2017-11-07T18:39:56","date_gmt":"2017-11-07T18:39:56","guid":{"rendered":"http:\/\/www.stel-ornements.com\/pagina-ejemplo\/?lang=en"},"modified":"2026-04-20T13:57:38","modified_gmt":"2026-04-20T13:57:38","slug":"home","status":"publish","type":"page","link":"http:\/\/www.stel-ornements.com\/en\/","title":{"rendered":"Home"},"content":{"rendered":"","protected":false},"excerpt":{"rendered":"","protected":false},"author":1,"featured_media":1110,"parent":0,"menu_order":0,"comment_status":"closed","ping_status":"open","template":"","meta":[],"acf":[],"yoast_head":"<!-- This site is optimized with the Yoast SEO plugin v15.5 - https:\/\/yoast.com\/wordpress\/plugins\/seo\/ -->\n<title>Stel Ornements<\/title>\n<meta name=\"description\" content=\"Workshop directed and overseen by Bibis Casta\u00f1er, STEL strives to create hand-made pieces for Haute couture and Pr\u00eat \u00e0 porter runway collections and jewelry.\" \/>\n<meta name=\"robots\" content=\"index, follow, max-snippet:-1, max-image-preview:large, max-video-preview:-1\" \/>\n<link rel=\"canonical\" href=\"http:\/\/www.stel-ornements.com\/en\/\" \/>\n<meta property=\"og:locale\" content=\"en_US\" \/>\n<meta property=\"og:type\" content=\"article\" \/>\n<meta property=\"og:title\" content=\"Stel Ornements\" \/>\n<meta property=\"og:description\" content=\"Workshop directed and overseen by Bibis Casta\u00f1er, STEL strives to create hand-made pieces for Haute couture and Pr\u00eat \u00e0 porter runway collections and jewelry.\" \/>\n<meta property=\"og:url\" content=\"http:\/\/www.stel-ornements.com\/en\/\" \/>\n<meta property=\"og:site_name\" content=\"Stel Ornements\" \/>\n<meta property=\"article:modified_time\" content=\"2026-04-20T13:57:38+00:00\" \/>\n<meta property=\"og:image\" content=\"http:\/\/www.stel-ornements.com\/wp-content\/uploads\/2017\/11\/social.jpg\" \/>\n<meta name=\"twitter:card\" content=\"summary_large_image\" \/>\n<script type=\"application\/ld+json\" class=\"yoast-schema-graph\">{\"@context\":\"https:\/\/schema.org\",\"@graph\":[{\"@type\":\"WebSite\",\"@id\":\"http:\/\/www.stel-ornements.com\/#website\",\"url\":\"http:\/\/www.stel-ornements.com\/\",\"name\":\"Stel Ornements\",\"description\":\"\",\"potentialAction\":[{\"@type\":\"SearchAction\",\"target\":\"http:\/\/www.stel-ornements.com\/?s={search_term_string}\",\"query-input\":\"required name=search_term_string\"}],\"inLanguage\":\"en-US\"},{\"@type\":\"ImageObject\",\"@id\":\"http:\/\/www.stel-ornements.com\/en\/#primaryimage\",\"inLanguage\":\"en-US\",\"url\":\"http:\/\/www.stel-ornements.com\/wp-content\/uploads\/2024\/09\/DSC_9254-scaled.jpg\",\"width\":1706,\"height\":2560},{\"@type\":\"WebPage\",\"@id\":\"http:\/\/www.stel-ornements.com\/en\/#webpage\",\"url\":\"http:\/\/www.stel-ornements.com\/en\/\",\"name\":\"Stel Ornements\",\"isPartOf\":{\"@id\":\"http:\/\/www.stel-ornements.com\/#website\"},\"primaryImageOfPage\":{\"@id\":\"http:\/\/www.stel-ornements.com\/en\/#primaryimage\"},\"datePublished\":\"2017-11-07T18:39:56+00:00\",\"dateModified\":\"2026-04-20T13:57:38+00:00\",\"description\":\"Workshop directed and overseen by Bibis Casta\\u00f1er, STEL strives to create hand-made pieces for Haute couture and Pr\\u00eat \\u00e0 porter runway collections and jewelry.\",\"inLanguage\":\"en-US\",\"potentialAction\":[{\"@type\":\"ReadAction\",\"target\":[\"http:\/\/www.stel-ornements.com\/en\/\"]}]}]}<\/script>\n<!-- \/ Yoast SEO plugin. -->","_links":{"self":[{"href":"http:\/\/www.stel-ornements.com\/en\/wp-json\/wp\/v2\/pages\/74"}],"collection":[{"href":"http:\/\/www.stel-ornements.com\/en\/wp-json\/wp\/v2\/pages"}],"about":[{"href":"http:\/\/www.stel-ornements.com\/en\/wp-json\/wp\/v2\/types\/page"}],"author":[{"embeddable":true,"href":"http:\/\/www.stel-ornements.com\/en\/wp-json\/wp\/v2\/users\/1"}],"replies":[{"embeddable":true,"href":"http:\/\/www.stel-ornements.com\/en\/wp-json\/wp\/v2\/comments?post=74"}],"version-history":[{"count":125,"href":"http:\/\/www.stel-ornements.com\/en\/wp-json\/wp\/v2\/pages\/74\/revisions"}],"predecessor-version":[{"id":1615,"href":"http:\/\/www.stel-ornements.com\/en\/wp-json\/wp\/v2\/pages\/74\/revisions\/1615"}],"wp:featuredmedia":[{"embeddable":true,"href":"http:\/\/www.stel-ornements.com\/en\/wp-json\/wp\/v2\/media\/1110"}],"wp:attachment":[{"href":"http:\/\/www.stel-ornements.com\/en\/wp-json\/wp\/v2\/media?parent=74"}],"curies":[{"name":"wp","href":"https:\/\/api.w.org\/{rel}","templated":true}]}}